{"id":786,"date":"2025-02-19T14:38:09","date_gmt":"2025-02-19T20:38:09","guid":{"rendered":"https:\/\/mendrabakery.com\/?page_id=786"},"modified":"2025-03-27T01:11:41","modified_gmt":"2025-03-27T07:11:41","slug":"faq","status":"publish","type":"page","link":"https:\/\/mendrabakery.com\/en\/faq\/","title":{"rendered":"FAQ"},"content":{"rendered":"<div data-elementor-type=\"wp-page\" data-elementor-id=\"786\" class=\"elementor elementor-786\" data-elementor-post-type=\"page\">\n\t\t\t\t<div class=\"elementor-element elementor-element-077b04f e-flex e-con-boxed e-con e-parent\" data-id=\"077b04f\" data-element_type=\"container\" data-e-type=\"container\">\n\t\t\t\t\t<div class=\"e-con-inner\">\n\t\t\t\t<div class=\"elementor-element elementor-element-a289e62 elementor-widget elementor-widget-heading\" data-id=\"a289e62\" data-element_type=\"widget\" data-e-type=\"widget\" data-widget_type=\"heading.default\">\n\t\t\t\t<div class=\"elementor-widget-container\">\n\t\t\t\t\t<h2 class=\"elementor-heading-title elementor-size-default\">Preguntas frecuentes<\/h2>\t\t\t\t<\/div>\n\t\t\t\t<\/div>\n\t\t\t\t<div class=\"elementor-element elementor-element-ef62e57 elementor-widget elementor-widget-text-editor\" data-id=\"ef62e57\" data-element_type=\"widget\" data-e-type=\"widget\" data-widget_type=\"text-editor.default\">\n\t\t\t\t<div class=\"elementor-widget-container\">\n\t\t\t\t\t\t\t\t\t<p>\ud83c\udf82 \u00bfQue\u0301 es Mendra?<\/p><p>Mendra es una plataforma educativa para aprender reposteri\u0301a.<\/p><p>\ud83c\udfc5 \u00bfNecesito experiencia en reposteri\u0301a para tomar los cursos?<\/p><p>No, los cursos esta\u0301n disen\u0303ados tanto para principiantes como para personas con experiencia. Aprendera\u0301s desde lo ba\u0301sico hasta te\u0301cnicas avanzadas.<\/p><p>\ud83d\udcda \u00bfLos cursos son en li\u0301nea o presenciales?<\/p><p>Todos los cursos de Mendra son 100% en li\u0301nea y puedes acceder a ellos en cualquier momento.<\/p><p>\ud83d\udcda \u00bfQue\u0301 incluyen los cursos? Cada curso incluye:<\/p><p>\u2705 Videos explicativos paso a paso.<br \/>\u2705 Lista de ingredientes y materiales.<br \/>\u2705 Te\u0301cnicas y consejos del instructor.<br \/>\u2705 Acceso de por vida al curso.<\/p><p>\ud83d\udcc5 \u00bfPuedo acceder a los cursos en cualquier momento?<br \/>Si\u0301, una vez comprado un curso, tienes acceso ilimitado de por vida.<\/p><p>\ud83d\udcf1 \u00bfPuedo ver los cursos desde mi celular?<br \/>Si\u0301, Mendra es compatible con celulares, tabletas y computadoras. Solo necesitas conexio\u0301n a internet.<\/p><p>\ud83c\udfc6 \u00bfHay cursos gratuitos en Mendra?<br \/>Si\u0301, contamos con algunos cursos gratuitos para que pruebes la plataforma antes de comprar un curso premium.<\/p><p>\ud83d\udcb5 \u00bfQue\u0301 me\u0301todos de pago aceptan?<br \/>Aceptamos:<br \/>Tarjetas de cre\u0301dito y de\u0301bito.<br \/>Transferencias bancarias.<br \/>Pagos en efectivo en Oxxo, Seven Eleven, Walmart, etc.<\/p><p>\ud83e\udd14 \u00bfQue\u0301 pasa si tengo dudas sobre una receta o curso?<br \/>Puedes hacer preguntas en Whatsapp y recibir respuestas del instructor o tambien en nuestra comunidad privadada.<\/p><p>\u23f3 \u00bfHay reembolsos si no me gusta un curso?<br \/>Si\u0301, contamos con una garanti\u0301a de satisfaccio\u0301n. Si un curso no cumple tus expectativas, puedes solicitar un reembolso en los primeros 7 di\u0301as despue\u0301s de la compra.<\/p><p>\ud83d\udee0 \u00bfQue\u0301 hago si tengo problemas con mi cuenta?<br \/>Si tienes problemas de acceso o te\u0301cnicos, conta\u0301ctanos por WhatsApp o email y te ayudaremos\u00a0de\u00a0inmediato.<\/p>\t\t\t\t\t\t\t\t<\/div>\n\t\t\t\t<\/div>\n\t\t\t\t\t<\/div>\n\t\t\t\t<\/div>\n\t\t\t\t<\/div>","protected":false},"excerpt":{"rendered":"<p>Preguntas frecuentes \ud83c\udf82 \u00bfQue\u0301 es Mendra? Mendra es una plataforma educativa para aprender reposteri\u0301a. \ud83c\udfc5 \u00bfNecesito experiencia en reposteri\u0301a para tomar los cursos? No, los cursos esta\u0301n disen\u0303ados tanto para principiantes como para personas con experiencia. Aprendera\u0301s desde lo ba\u0301sico hasta te\u0301cnicas avanzadas. \ud83d\udcda \u00bfLos cursos son en li\u0301nea o presenciales? Todos los cursos de [&hellip;]<\/p>","protected":false},"author":261831100,"featured_media":0,"parent":0,"menu_order":0,"comment_status":"closed","ping_status":"closed","template":"elementor_header_footer","meta":{"_seopress_robots_primary_cat":"","_seopress_titles_title":"Preguntas frecuentes","_seopress_titles_desc":"Preguntas frecuentes sobre nuestros productos y servicios","_seopress_robots_index":"yes","_crdt_document":"","footnotes":""},"class_list":["post-786","page","type-page","status-publish","hentry"],"jetpack_likes_enabled":true,"jetpack_sharing_enabled":true,"jetpack_shortlink":"https:\/\/wp.me\/Pgln6M-cG","jetpack-related-posts":[{"id":782,"url":"https:\/\/mendrabakery.com\/en\/terminos-y-condiciones\/","url_meta":{"origin":786,"position":0},"title":"Terminos y Condiciones","author":"Mendra Bakery","date":"February 19, 2025","format":false,"excerpt":"T\u00e9rminos y condiciones Bienvenido a Mendra Bakery. Al utilizar nuestra plataforma, aceptas cumplir con estos t\u00e9rminos. 1. Informaci\u00f3n General Mendra Bakery es una plataforma en l\u00ednea donde ofrecemos cursos digitales relacionados con la reposter\u00eda, con un enfoque especial en galletas. Los cursos pueden incluir videos, documentos, recetas y otros materiales\u2026","rel":"","context":"Similar post","block_context":{"text":"Similar post","link":""},"img":{"alt_text":"","src":"","width":0,"height":0},"classes":[]},{"id":618,"url":"https:\/\/mendrabakery.com\/en\/about\/","url_meta":{"origin":786,"position":1},"title":"About","author":"Mendra Bakery","date":"February 17, 2025","format":false,"excerpt":"Nuestra historia Mendra Bakery nace de la pasi\u00f3n por la reposter\u00eda y el deseo de compartir conocimientos con otros amantes de los postres. Este proyecto surge con la idea de llevar el amor por la reposter\u00eda a m\u00e1s personas. A trav\u00e9s de nuestros cursos digitales, ayudamos a emprendedores y amantes\u2026","rel":"","context":"Similar post","block_context":{"text":"Similar post","link":""},"img":{"alt_text":"","src":"https:\/\/i0.wp.com\/mendrabakery.com\/wp-content\/uploads\/2025\/03\/ABOUT-1-300x300.png?resize=350%2C200&ssl=1","width":350,"height":200},"classes":[]},{"id":587,"url":"https:\/\/mendrabakery.com\/en\/","url_meta":{"origin":786,"position":2},"title":"Home","author":"Mendra Bakery","date":"February 12, 2025","format":false,"excerpt":"\u00a1 Aprende, crea y hornea! Reposter\u00eda f\u00e1cil para todos Ver Talleres y Cursos Galletas Estilo New York Si te encantan las galletas estilo Nueva York, este taller es para ti. Aprender\u00e1s a hacerlas desde cero con la textura perfecta: crujientes por fuera y suaves por dentro. Trabajaremos con sabores como\u2026","rel":"","context":"Similar post","block_context":{"text":"Similar post","link":""},"img":{"alt_text":"","src":"https:\/\/i0.wp.com\/mendrabakery.com\/wp-content\/uploads\/2025\/03\/Diseno-sin-titulo-3.png?resize=350%2C200&ssl=1","width":350,"height":200,"srcset":"https:\/\/i0.wp.com\/mendrabakery.com\/wp-content\/uploads\/2025\/03\/Diseno-sin-titulo-3.png?resize=350%2C200&ssl=1 1x, https:\/\/i0.wp.com\/mendrabakery.com\/wp-content\/uploads\/2025\/03\/Diseno-sin-titulo-3.png?resize=525%2C300&ssl=1 1.5x, https:\/\/i0.wp.com\/mendrabakery.com\/wp-content\/uploads\/2025\/03\/Diseno-sin-titulo-3.png?resize=700%2C400&ssl=1 2x"},"classes":[]},{"id":827,"url":"https:\/\/mendrabakery.com\/en\/privacidad\/","url_meta":{"origin":786,"position":3},"title":"Aviso de privacidad","author":"Mendra Bakery","date":"February 19, 2025","format":false,"excerpt":"Aviso de privacidad En Mendra Bakery, valoramos y respetamos tu privacidad. Este Aviso de Privacidad explica c\u00f3mo recopilamos, utilizamos, almacenamos y protegemos tu informaci\u00f3n personal cuando accedes a nuestros servicios y compras cursos digitales en nuestra plataforma. 1. Informaci\u00f3n que Recopilamos Al registrarte en nuestra plataforma y utilizar nuestros servicios,\u2026","rel":"","context":"Similar post","block_context":{"text":"Similar post","link":""},"img":{"alt_text":"","src":"","width":0,"height":0},"classes":[]},{"id":671,"url":"https:\/\/mendrabakery.com\/en\/my-account\/","url_meta":{"origin":786,"position":4},"title":"My account","author":"","date":"February 14, 2025","format":false,"excerpt":"Aqui puedes revisar y cambiar diversos aspectos de tu cuenta. Ve tus Talleres, personaliza tu foto y otros detalles m\u00e1s aqu\u00ed Mis Cursos Dashboard Orders Downloads Addresses Payment methods Account Details Logout Dashboard Orders Downloads Addresses Payment methods Account Details Logout Hello Mendra Bakery (not Mendra Bakery? Log out) From\u2026","rel":"","context":"Similar post","block_context":{"text":"Similar post","link":""},"img":{"alt_text":"","src":"","width":0,"height":0},"classes":[]}],"_links":{"self":[{"href":"https:\/\/mendrabakery.com\/en\/wp-json\/wp\/v2\/pages\/786","targetHints":{"allow":["GET"]}}],"collection":[{"href":"https:\/\/mendrabakery.com\/en\/wp-json\/wp\/v2\/pages"}],"about":[{"href":"https:\/\/mendrabakery.com\/en\/wp-json\/wp\/v2\/types\/page"}],"author":[{"embeddable":true,"href":"https:\/\/mendrabakery.com\/en\/wp-json\/wp\/v2\/users\/261831100"}],"replies":[{"embeddable":true,"href":"https:\/\/mendrabakery.com\/en\/wp-json\/wp\/v2\/comments?post=786"}],"version-history":[{"count":7,"href":"https:\/\/mendrabakery.com\/en\/wp-json\/wp\/v2\/pages\/786\/revisions"}],"predecessor-version":[{"id":1154,"href":"https:\/\/mendrabakery.com\/en\/wp-json\/wp\/v2\/pages\/786\/revisions\/1154"}],"wp:attachment":[{"href":"https:\/\/mendrabakery.com\/en\/wp-json\/wp\/v2\/media?parent=786"}],"curies":[{"name":"wp","href":"https:\/\/api.w.org\/{rel}","templated":true}]}}