{"id":671,"date":"2025-02-14T12:03:29","date_gmt":"2025-02-14T18:03:29","guid":{"rendered":"https:\/\/mendrabakery.com\/my-account\/"},"modified":"2025-04-09T19:54:14","modified_gmt":"2025-04-10T01:54:14","slug":"my-account","status":"publish","type":"page","link":"https:\/\/mendrabakery.com\/en\/my-account\/","title":{"rendered":"My account"},"content":{"rendered":"<div data-elementor-type=\"wp-page\" data-elementor-id=\"671\" class=\"elementor elementor-671\" data-elementor-post-type=\"page\">\n\t\t\t\t<div class=\"elementor-element elementor-element-7aaee6e e-flex e-con-boxed e-con e-parent\" data-id=\"7aaee6e\" data-element_type=\"container\" data-e-type=\"container\">\n\t\t\t\t\t<div class=\"e-con-inner\">\n\t\t\t\t<div class=\"elementor-element elementor-element-ebb8e82 e-my-account-tabs-vertical elementor-widget elementor-widget-woocommerce-my-account\" data-id=\"ebb8e82\" data-element_type=\"widget\" data-e-type=\"widget\" data-widget_type=\"woocommerce-my-account.default\">\n\t\t\t\t<div class=\"elementor-widget-container\">\n\t\t\t\t\t<div class=\"e-my-account-tab e-my-account-tab__\">\t\t\t<div class=\"woocommerce\"><\/div>\t\t<\/div>\n\t\t\t\t\t\t<\/div>\n\t\t\t\t<\/div>\n\t\t\t\t\t<\/div>\n\t\t\t\t<\/div>\n\t\t\t\t<\/div>","protected":false},"excerpt":{"rendered":"<p>Aqui puedes revisar y cambiar diversos aspectos de tu cuenta. Ve tus Talleres, personaliza tu foto y otros detalles m\u00e1s aqu\u00ed Mis Cursos Dashboard Orders Downloads Addresses Payment methods Account Details Logout Dashboard Orders Downloads Addresses Payment methods Account Details Logout Hello Mendra Bakery (not Mendra Bakery? Log out) From your account dashboard you can [&hellip;]<\/p>","protected":false},"author":1,"featured_media":0,"parent":0,"menu_order":0,"comment_status":"closed","ping_status":"closed","template":"elementor_header_footer","meta":{"_seopress_robots_primary_cat":"","_seopress_titles_title":"Mi cuenta","_seopress_titles_desc":"Configuraci\u00f3n de tu cuenta, datos, contrase\u00f1a etc.","_seopress_robots_index":"","_crdt_document":"","footnotes":""},"class_list":["post-671","page","type-page","status-publish","hentry"],"jetpack_likes_enabled":true,"jetpack_sharing_enabled":true,"jetpack_shortlink":"https:\/\/wp.me\/Pgln6M-aP","jetpack-related-posts":[{"id":618,"url":"https:\/\/mendrabakery.com\/en\/about\/","url_meta":{"origin":671,"position":0},"title":"About","author":"Mendra Bakery","date":"February 17, 2025","format":false,"excerpt":"Nuestra historia Mendra Bakery nace de la pasi\u00f3n por la reposter\u00eda y el deseo de compartir conocimientos con otros amantes de los postres. Este proyecto surge con la idea de llevar el amor por la reposter\u00eda a m\u00e1s personas. A trav\u00e9s de nuestros cursos digitales, ayudamos a emprendedores y amantes\u2026","rel":"","context":"Similar post","block_context":{"text":"Similar post","link":""},"img":{"alt_text":"","src":"https:\/\/i0.wp.com\/mendrabakery.com\/wp-content\/uploads\/2025\/03\/ABOUT-1-300x300.png?resize=350%2C200&ssl=1","width":350,"height":200},"classes":[]},{"id":587,"url":"https:\/\/mendrabakery.com\/en\/","url_meta":{"origin":671,"position":1},"title":"Home","author":"Mendra Bakery","date":"February 12, 2025","format":false,"excerpt":"\u00a1 Aprende, crea y hornea! Reposter\u00eda f\u00e1cil para todos Ver Talleres y Cursos Galletas Estilo New York Si te encantan las galletas estilo Nueva York, este taller es para ti. Aprender\u00e1s a hacerlas desde cero con la textura perfecta: crujientes por fuera y suaves por dentro. Trabajaremos con sabores como\u2026","rel":"","context":"Similar post","block_context":{"text":"Similar post","link":""},"img":{"alt_text":"","src":"https:\/\/i0.wp.com\/mendrabakery.com\/wp-content\/uploads\/2025\/03\/Diseno-sin-titulo-3.png?resize=350%2C200&ssl=1","width":350,"height":200,"srcset":"https:\/\/i0.wp.com\/mendrabakery.com\/wp-content\/uploads\/2025\/03\/Diseno-sin-titulo-3.png?resize=350%2C200&ssl=1 1x, https:\/\/i0.wp.com\/mendrabakery.com\/wp-content\/uploads\/2025\/03\/Diseno-sin-titulo-3.png?resize=525%2C300&ssl=1 1.5x, https:\/\/i0.wp.com\/mendrabakery.com\/wp-content\/uploads\/2025\/03\/Diseno-sin-titulo-3.png?resize=700%2C400&ssl=1 2x"},"classes":[]}],"_links":{"self":[{"href":"https:\/\/mendrabakery.com\/en\/wp-json\/wp\/v2\/pages\/671","targetHints":{"allow":["GET"]}}],"collection":[{"href":"https:\/\/mendrabakery.com\/en\/wp-json\/wp\/v2\/pages"}],"about":[{"href":"https:\/\/mendrabakery.com\/en\/wp-json\/wp\/v2\/types\/page"}],"author":[{"embeddable":true,"href":"https:\/\/mendrabakery.com\/en\/wp-json\/wp\/v2\/users\/1"}],"replies":[{"embeddable":true,"href":"https:\/\/mendrabakery.com\/en\/wp-json\/wp\/v2\/comments?post=671"}],"version-history":[{"count":100,"href":"https:\/\/mendrabakery.com\/en\/wp-json\/wp\/v2\/pages\/671\/revisions"}],"predecessor-version":[{"id":2586,"href":"https:\/\/mendrabakery.com\/en\/wp-json\/wp\/v2\/pages\/671\/revisions\/2586"}],"wp:attachment":[{"href":"https:\/\/mendrabakery.com\/en\/wp-json\/wp\/v2\/media?parent=671"}],"curies":[{"name":"wp","href":"https:\/\/api.w.org\/{rel}","templated":true}]}}