{"id":618,"date":"2025-02-17T15:12:44","date_gmt":"2025-02-17T21:12:44","guid":{"rendered":"https:\/\/mendrabakery.com\/?page_id=618"},"modified":"2025-03-27T01:07:45","modified_gmt":"2025-03-27T07:07:45","slug":"about","status":"publish","type":"page","link":"https:\/\/mendrabakery.com\/en\/about\/","title":{"rendered":"About"},"content":{"rendered":"<div data-elementor-type=\"wp-page\" data-elementor-id=\"618\" class=\"elementor elementor-618\" data-elementor-post-type=\"page\">\n\t\t\t\t<div class=\"elementor-element elementor-element-8121dc5 e-flex e-con-boxed e-con e-parent\" data-id=\"8121dc5\" data-element_type=\"container\" data-e-type=\"container\">\n\t\t\t\t\t<div class=\"e-con-inner\">\n\t\t\t\t<div class=\"elementor-element elementor-element-5988a49 elementor-widget elementor-widget-heading\" data-id=\"5988a49\" data-element_type=\"widget\" data-e-type=\"widget\" data-widget_type=\"heading.default\">\n\t\t\t\t<div class=\"elementor-widget-container\">\n\t\t\t\t\t<h2 class=\"elementor-heading-title elementor-size-default\">Nuestra historia<\/h2>\t\t\t\t<\/div>\n\t\t\t\t<\/div>\n\t\t<div class=\"elementor-element elementor-element-f1058e4 e-con-full e-flex e-con e-child\" data-id=\"f1058e4\" data-element_type=\"container\" data-e-type=\"container\">\n\t\t\t\t<div class=\"elementor-element elementor-element-fa039a9 elementor-widget elementor-widget-image\" data-id=\"fa039a9\" data-element_type=\"widget\" data-e-type=\"widget\" data-widget_type=\"image.default\">\n\t\t\t\t<div class=\"elementor-widget-container\">\n\t\t\t\t\t\t\t\t\t\t\t\t\t\t\t<img alt=\"\" fetchpriority=\"high\" decoding=\"async\" data-attachment-id=\"1656\" data-permalink=\"https:\/\/mendrabakery.com\/en\/about\/about-1-2\/\" data-orig-file=\"https:\/\/i0.wp.com\/mendrabakery.com\/wp-content\/uploads\/2025\/03\/ABOUT-1.png?fit=1024%2C1024&amp;ssl=1\" data-orig-size=\"1024,1024\" data-comments-opened=\"1\" data-image-meta=\"{&quot;aperture&quot;:&quot;0&quot;,&quot;credit&quot;:&quot;&quot;,&quot;camera&quot;:&quot;&quot;,&quot;caption&quot;:&quot;&quot;,&quot;created_timestamp&quot;:&quot;0&quot;,&quot;copyright&quot;:&quot;&quot;,&quot;focal_length&quot;:&quot;0&quot;,&quot;iso&quot;:&quot;0&quot;,&quot;shutter_speed&quot;:&quot;0&quot;,&quot;title&quot;:&quot;&quot;,&quot;orientation&quot;:&quot;0&quot;}\" data-image-title=\"ABOUT 1\" data-image-description=\"\" data-image-caption=\"\" data-large-file=\"https:\/\/i0.wp.com\/mendrabakery.com\/wp-content\/uploads\/2025\/03\/ABOUT-1.png?fit=800%2C800&amp;ssl=1\" width=\"300\" height=\"300\" src=\"https:\/\/i0.wp.com\/mendrabakery.com\/wp-content\/uploads\/2025\/03\/ABOUT-1.png?fit=300%2C300&amp;ssl=1\" class=\"attachment-medium size-medium wp-image-1656\" srcset=\"https:\/\/i0.wp.com\/mendrabakery.com\/wp-content\/uploads\/2025\/03\/ABOUT-1.png?w=1024&amp;ssl=1 1024w, https:\/\/i0.wp.com\/mendrabakery.com\/wp-content\/uploads\/2025\/03\/ABOUT-1.png?resize=300%2C300&amp;ssl=1 300w, https:\/\/i0.wp.com\/mendrabakery.com\/wp-content\/uploads\/2025\/03\/ABOUT-1.png?resize=150%2C150&amp;ssl=1 150w, https:\/\/i0.wp.com\/mendrabakery.com\/wp-content\/uploads\/2025\/03\/ABOUT-1.png?resize=768%2C768&amp;ssl=1 768w, https:\/\/i0.wp.com\/mendrabakery.com\/wp-content\/uploads\/2025\/03\/ABOUT-1.png?resize=600%2C600&amp;ssl=1 600w, https:\/\/i0.wp.com\/mendrabakery.com\/wp-content\/uploads\/2025\/03\/ABOUT-1.png?resize=100%2C100&amp;ssl=1 100w\" sizes=\"(max-width: 300px) 100vw, 300px\" \/>\t\t\t\t\t\t\t\t\t\t\t\t\t\t\t<\/div>\n\t\t\t\t<\/div>\n\t\t\t\t<div class=\"elementor-element elementor-element-962af73 elementor-widget__width-initial elementor-widget-tablet__width-initial elementor-widget elementor-widget-text-editor\" data-id=\"962af73\" data-element_type=\"widget\" data-e-type=\"widget\" data-widget_type=\"text-editor.default\">\n\t\t\t\t<div class=\"elementor-widget-container\">\n\t\t\t\t\t\t\t\t\t<p><strong><em>Mendra Bakery<\/em><\/strong><em> nace de la pasi\u00f3n por la reposter\u00eda y el deseo de compartir conocimientos con otros amantes de los postres. Este proyecto surge con la idea de llevar el amor por la reposter\u00eda a m\u00e1s personas.<\/em><\/p>\t\t\t\t\t\t\t\t<\/div>\n\t\t\t\t<\/div>\n\t\t\t\t<\/div>\n\t\t<div class=\"elementor-element elementor-element-320edbb e-con-full e-flex e-con e-child\" data-id=\"320edbb\" data-element_type=\"container\" data-e-type=\"container\">\n\t\t\t\t<div class=\"elementor-element elementor-element-d9f1cfe elementor-widget elementor-widget-image\" data-id=\"d9f1cfe\" data-element_type=\"widget\" data-e-type=\"widget\" data-widget_type=\"image.default\">\n\t\t\t\t<div class=\"elementor-widget-container\">\n\t\t\t\t\t\t\t\t\t\t\t\t\t\t\t<img alt=\"\" decoding=\"async\" data-attachment-id=\"1655\" data-permalink=\"https:\/\/mendrabakery.com\/en\/about\/about-2\/\" data-orig-file=\"https:\/\/i0.wp.com\/mendrabakery.com\/wp-content\/uploads\/2025\/03\/ABOUT-2.png?fit=1024%2C1024&amp;ssl=1\" data-orig-size=\"1024,1024\" data-comments-opened=\"1\" data-image-meta=\"{&quot;aperture&quot;:&quot;0&quot;,&quot;credit&quot;:&quot;&quot;,&quot;camera&quot;:&quot;&quot;,&quot;caption&quot;:&quot;&quot;,&quot;created_timestamp&quot;:&quot;0&quot;,&quot;copyright&quot;:&quot;&quot;,&quot;focal_length&quot;:&quot;0&quot;,&quot;iso&quot;:&quot;0&quot;,&quot;shutter_speed&quot;:&quot;0&quot;,&quot;title&quot;:&quot;&quot;,&quot;orientation&quot;:&quot;0&quot;}\" data-image-title=\"ABOUT-2\" data-image-description=\"\" data-image-caption=\"\" data-large-file=\"https:\/\/i0.wp.com\/mendrabakery.com\/wp-content\/uploads\/2025\/03\/ABOUT-2.png?fit=800%2C800&amp;ssl=1\" width=\"300\" height=\"300\" src=\"https:\/\/i0.wp.com\/mendrabakery.com\/wp-content\/uploads\/2025\/03\/ABOUT-2.png?fit=300%2C300&amp;ssl=1\" class=\"attachment-medium size-medium wp-image-1655\" srcset=\"https:\/\/i0.wp.com\/mendrabakery.com\/wp-content\/uploads\/2025\/03\/ABOUT-2.png?w=1024&amp;ssl=1 1024w, https:\/\/i0.wp.com\/mendrabakery.com\/wp-content\/uploads\/2025\/03\/ABOUT-2.png?resize=300%2C300&amp;ssl=1 300w, https:\/\/i0.wp.com\/mendrabakery.com\/wp-content\/uploads\/2025\/03\/ABOUT-2.png?resize=150%2C150&amp;ssl=1 150w, https:\/\/i0.wp.com\/mendrabakery.com\/wp-content\/uploads\/2025\/03\/ABOUT-2.png?resize=768%2C768&amp;ssl=1 768w, https:\/\/i0.wp.com\/mendrabakery.com\/wp-content\/uploads\/2025\/03\/ABOUT-2.png?resize=600%2C600&amp;ssl=1 600w, https:\/\/i0.wp.com\/mendrabakery.com\/wp-content\/uploads\/2025\/03\/ABOUT-2.png?resize=100%2C100&amp;ssl=1 100w\" sizes=\"(max-width: 300px) 100vw, 300px\" \/>\t\t\t\t\t\t\t\t\t\t\t\t\t\t\t<\/div>\n\t\t\t\t<\/div>\n\t\t\t\t<div class=\"elementor-element elementor-element-c9854c4 elementor-widget__width-initial elementor-widget-tablet__width-initial elementor-widget elementor-widget-text-editor\" data-id=\"c9854c4\" data-element_type=\"widget\" data-e-type=\"widget\" data-widget_type=\"text-editor.default\">\n\t\t\t\t<div class=\"elementor-widget-container\">\n\t\t\t\t\t\t\t\t\t<p><em>A trav\u00e9s de nuestros cursos digitales, ayudamos a emprendedores y amantes de la reposter\u00eda a perfeccionar sus t\u00e9cnicas, descubrir nuevas combinaciones y transformar su amor por el horneado en un negocio o simplemente en momentos dulces y memorables.<\/em><\/p>\t\t\t\t\t\t\t\t<\/div>\n\t\t\t\t<\/div>\n\t\t\t\t<\/div>\n\t\t<div class=\"elementor-element elementor-element-9d4eced e-con-full e-flex e-con e-child\" data-id=\"9d4eced\" data-element_type=\"container\" data-e-type=\"container\">\n\t\t\t\t<div class=\"elementor-element elementor-element-0f55275 elementor-widget elementor-widget-image\" data-id=\"0f55275\" data-element_type=\"widget\" data-e-type=\"widget\" data-widget_type=\"image.default\">\n\t\t\t\t<div class=\"elementor-widget-container\">\n\t\t\t\t\t\t\t\t\t\t\t\t\t\t\t<img alt=\"\" decoding=\"async\" data-attachment-id=\"1654\" data-permalink=\"https:\/\/mendrabakery.com\/en\/about\/about-3\/\" data-orig-file=\"https:\/\/i0.wp.com\/mendrabakery.com\/wp-content\/uploads\/2025\/03\/ABOUT-3.png?fit=1024%2C1024&amp;ssl=1\" data-orig-size=\"1024,1024\" data-comments-opened=\"1\" data-image-meta=\"{&quot;aperture&quot;:&quot;0&quot;,&quot;credit&quot;:&quot;&quot;,&quot;camera&quot;:&quot;&quot;,&quot;caption&quot;:&quot;&quot;,&quot;created_timestamp&quot;:&quot;0&quot;,&quot;copyright&quot;:&quot;&quot;,&quot;focal_length&quot;:&quot;0&quot;,&quot;iso&quot;:&quot;0&quot;,&quot;shutter_speed&quot;:&quot;0&quot;,&quot;title&quot;:&quot;&quot;,&quot;orientation&quot;:&quot;0&quot;}\" data-image-title=\"ABOUT-3\" data-image-description=\"\" data-image-caption=\"\" data-large-file=\"https:\/\/i0.wp.com\/mendrabakery.com\/wp-content\/uploads\/2025\/03\/ABOUT-3.png?fit=800%2C800&amp;ssl=1\" width=\"300\" height=\"300\" src=\"https:\/\/i0.wp.com\/mendrabakery.com\/wp-content\/uploads\/2025\/03\/ABOUT-3.png?fit=300%2C300&amp;ssl=1\" class=\"attachment-medium size-medium wp-image-1654\" srcset=\"https:\/\/i0.wp.com\/mendrabakery.com\/wp-content\/uploads\/2025\/03\/ABOUT-3.png?w=1024&amp;ssl=1 1024w, https:\/\/i0.wp.com\/mendrabakery.com\/wp-content\/uploads\/2025\/03\/ABOUT-3.png?resize=300%2C300&amp;ssl=1 300w, https:\/\/i0.wp.com\/mendrabakery.com\/wp-content\/uploads\/2025\/03\/ABOUT-3.png?resize=150%2C150&amp;ssl=1 150w, https:\/\/i0.wp.com\/mendrabakery.com\/wp-content\/uploads\/2025\/03\/ABOUT-3.png?resize=768%2C768&amp;ssl=1 768w, https:\/\/i0.wp.com\/mendrabakery.com\/wp-content\/uploads\/2025\/03\/ABOUT-3.png?resize=600%2C600&amp;ssl=1 600w, https:\/\/i0.wp.com\/mendrabakery.com\/wp-content\/uploads\/2025\/03\/ABOUT-3.png?resize=100%2C100&amp;ssl=1 100w\" sizes=\"(max-width: 300px) 100vw, 300px\" \/>\t\t\t\t\t\t\t\t\t\t\t\t\t\t\t<\/div>\n\t\t\t\t<\/div>\n\t\t\t\t<div class=\"elementor-element elementor-element-7e5025d elementor-widget__width-initial elementor-widget elementor-widget-text-editor\" data-id=\"7e5025d\" data-element_type=\"widget\" data-e-type=\"widget\" data-widget_type=\"text-editor.default\">\n\t\t\t\t<div class=\"elementor-widget-container\">\n\t\t\t\t\t\t\t\t\t<p><em>Aqu\u00ed, cada receta es una oportunidad para aprender, cada galleta cuenta una historia y cada curso es un paso m\u00e1s hacia tu crecimiento en la reposter\u00eda.<\/em><\/p><p><em>Bienvenidos a <\/em><strong><em>Mendra Bakery<\/em><\/strong><em>, donde lo dulce no solo se disfruta, tambi\u00e9n se aprende y se comparte. \ud83c\udf6a\u2728<\/em><\/p>\t\t\t\t\t\t\t\t<\/div>\n\t\t\t\t<\/div>\n\t\t\t\t<\/div>\n\t\t\t\t\t<\/div>\n\t\t\t\t<\/div>\n\t\t\t\t<\/div>","protected":false},"excerpt":{"rendered":"<p>Nuestra historia Mendra Bakery nace de la pasi\u00f3n por la reposter\u00eda y el deseo de compartir conocimientos con otros amantes de los postres. Este proyecto surge con la idea de llevar el amor por la reposter\u00eda a m\u00e1s personas. A trav\u00e9s de nuestros cursos digitales, ayudamos a emprendedores y amantes de la reposter\u00eda a perfeccionar [&hellip;]<\/p>","protected":false},"author":261831100,"featured_media":0,"parent":0,"menu_order":0,"comment_status":"closed","ping_status":"closed","template":"elementor_header_footer","meta":{"_seopress_robots_primary_cat":"","_seopress_titles_title":"Acerca de","_seopress_titles_desc":"Te contamos un poco sobre quienes somos","_seopress_robots_index":"","_crdt_document":"","footnotes":""},"class_list":["post-618","page","type-page","status-publish","hentry"],"jetpack_likes_enabled":true,"jetpack_sharing_enabled":true,"jetpack_shortlink":"https:\/\/wp.me\/Pgln6M-9Y","jetpack-related-posts":[],"_links":{"self":[{"href":"https:\/\/mendrabakery.com\/en\/wp-json\/wp\/v2\/pages\/618","targetHints":{"allow":["GET"]}}],"collection":[{"href":"https:\/\/mendrabakery.com\/en\/wp-json\/wp\/v2\/pages"}],"about":[{"href":"https:\/\/mendrabakery.com\/en\/wp-json\/wp\/v2\/types\/page"}],"author":[{"embeddable":true,"href":"https:\/\/mendrabakery.com\/en\/wp-json\/wp\/v2\/users\/261831100"}],"replies":[{"embeddable":true,"href":"https:\/\/mendrabakery.com\/en\/wp-json\/wp\/v2\/comments?post=618"}],"version-history":[{"count":28,"href":"https:\/\/mendrabakery.com\/en\/wp-json\/wp\/v2\/pages\/618\/revisions"}],"predecessor-version":[{"id":1949,"href":"https:\/\/mendrabakery.com\/en\/wp-json\/wp\/v2\/pages\/618\/revisions\/1949"}],"wp:attachment":[{"href":"https:\/\/mendrabakery.com\/en\/wp-json\/wp\/v2\/media?parent=618"}],"curies":[{"name":"wp","href":"https:\/\/api.w.org\/{rel}","templated":true}]}}